{"id":36,"date":"2020-05-20T09:21:55","date_gmt":"2020-05-20T06:21:55","guid":{"rendered":"https:\/\/sefarad.com.tr\/en\/?page_id=36"},"modified":"2020-05-20T09:21:56","modified_gmt":"2020-05-20T06:21:56","slug":"home","status":"publish","type":"page","link":"https:\/\/sefarad.com.tr\/en\/home\/","title":{"rendered":"Home"},"content":{"rendered":"\n<p>[vc_row][vc_column]\n<div id=\"rev_slider_2_1_wrapper\" class=\"rev_slider_wrapper fullwidthbanner-container\" data-source=\"gallery\" style=\"margin:0px auto;background:transparent;padding:0px;margin-top:0px;margin-bottom:0px;\">\n<!-- START REVOLUTION SLIDER 5.4.8.2 auto mode -->\n\t<div id=\"rev_slider_2_1\" class=\"rev_slider fullwidthabanner\" style=\"display:none;\" data-version=\"5.4.8.2\">\n<ul>\t<!-- SLIDE  -->\n\t<li data-index=\"rs-6\" data-transition=\"fade,slideoverleft\" data-slotamount=\"default,default\" data-hideafterloop=\"0\" data-hideslideonmobile=\"off\"  data-easein=\"default,default\" data-easeout=\"default,default\" data-masterspeed=\"300,default\"  data-thumb=\"https:\/\/sefarad.com.tr\/en\/wp-content\/uploads\/sites\/6\/revslider\/Dersler\/638dbb55d80b759a4a551e98c6f60a18c600c969.jpg\"  data-rotate=\"0,0\"  data-saveperformance=\"off\"  class=\"ladino_dersleri\" id=\"1\" data-title=\"Slide\" data-param1=\"\" data-param2=\"\" data-param3=\"\" data-param4=\"\" data-param5=\"\" data-param6=\"\" data-param7=\"\" data-param8=\"\" data-param9=\"\" data-param10=\"\" data-description=\"\">\n\t\t<!-- MAIN IMAGE -->\n\t\t<img decoding=\"async\" src=\"https:\/\/sefarad.com.tr\/en\/wp-content\/plugins\/revslider\/admin\/assets\/images\/dummy.png\"  alt=\"\" title=\"Home\"  data-lazyload=\"https:\/\/sefarad.com.tr\/en\/wp-content\/uploads\/sites\/6\/revslider\/Dersler\/638dbb55d80b759a4a551e98c6f60a18c600c969.jpg\" data-bgposition=\"center center\" data-bgfit=\"cover\" data-bgrepeat=\"no-repeat\" data-bgparallax=\"off\" class=\"rev-slidebg\" data-no-retina>\n\t\t<!-- LAYERS -->\n\t<\/li>\n\t<!-- SLIDE  -->\n\t<li data-index=\"rs-7\" data-transition=\"fade\" data-slotamount=\"default\" data-hideafterloop=\"0\" data-hideslideonmobile=\"off\"  data-easein=\"default\" data-easeout=\"default\" data-masterspeed=\"300\"  data-thumb=\"https:\/\/sefarad.com.tr\/en\/wp-content\/uploads\/sites\/6\/revslider\/Dersler\/AMY8754.jpg\"  data-rotate=\"0\"  data-saveperformance=\"off\"  data-title=\"Slide\" data-param1=\"\" data-param2=\"\" data-param3=\"\" data-param4=\"\" data-param5=\"\" data-param6=\"\" data-param7=\"\" data-param8=\"\" data-param9=\"\" data-param10=\"\" data-description=\"\">\n\t\t<!-- MAIN IMAGE -->\n\t\t<img decoding=\"async\" src=\"https:\/\/sefarad.com.tr\/en\/wp-content\/plugins\/revslider\/admin\/assets\/images\/dummy.png\"  alt=\"\" title=\"Home\"  data-lazyload=\"https:\/\/sefarad.com.tr\/en\/wp-content\/uploads\/sites\/6\/revslider\/Dersler\/AMY8754.jpg\" data-bgposition=\"center center\" data-bgfit=\"cover\" data-bgrepeat=\"no-repeat\" data-bgparallax=\"off\" class=\"rev-slidebg\" data-no-retina>\n\t\t<!-- LAYERS -->\n\t<\/li>\n\t<!-- SLIDE  -->\n\t<li data-index=\"rs-8\" data-transition=\"fade\" data-slotamount=\"default\" data-hideafterloop=\"0\" data-hideslideonmobile=\"off\"  data-easein=\"default\" data-easeout=\"default\" data-masterspeed=\"300\"  data-link=\"https:\/\/sefarad.com.tr\/blog\/turk-sefarad-mutfagi\/\"   data-thumb=\"https:\/\/sefarad.com.tr\/en\/wp-content\/uploads\/sites\/6\/revslider\/Dersler\/sefarad-gu\u0308nlerinde-yemek1.jpg\"  data-rotate=\"0\"  data-saveperformance=\"off\"  data-title=\"Slide\" data-param1=\"\" data-param2=\"\" data-param3=\"\" data-param4=\"\" data-param5=\"\" data-param6=\"\" data-param7=\"\" data-param8=\"\" data-param9=\"\" data-param10=\"\" data-description=\"\">\n\t\t<!-- MAIN IMAGE -->\n\t\t<img decoding=\"async\" src=\"https:\/\/sefarad.com.tr\/en\/wp-content\/plugins\/revslider\/admin\/assets\/images\/dummy.png\"  alt=\"\" title=\"Home\"  data-lazyload=\"https:\/\/sefarad.com.tr\/en\/wp-content\/uploads\/sites\/6\/revslider\/Dersler\/sefarad-gu\u0308nlerinde-yemek1.jpg\" data-bgposition=\"center center\" data-bgfit=\"cover\" data-bgrepeat=\"no-repeat\" data-bgparallax=\"off\" class=\"rev-slidebg\" data-no-retina>\n\t\t<!-- LAYERS -->\n\t<\/li>\n\t<!-- SLIDE  -->\n\t<li data-index=\"rs-9\" data-transition=\"fade\" data-slotamount=\"default\" data-hideafterloop=\"0\" data-hideslideonmobile=\"off\"  data-easein=\"default\" data-easeout=\"default\" data-masterspeed=\"300\"  data-link=\"https:\/\/sefarad.com.tr\/el-amaneser\/\"   data-thumb=\"https:\/\/sefarad.com.tr\/en\/wp-content\/uploads\/sites\/6\/revslider\/Dersler\/amaneser.jpeg\"  data-rotate=\"0\"  data-saveperformance=\"off\"  data-title=\"Slide\" data-param1=\"\" data-param2=\"\" data-param3=\"\" data-param4=\"\" data-param5=\"\" data-param6=\"\" data-param7=\"\" data-param8=\"\" data-param9=\"\" data-param10=\"\" data-description=\"\">\n\t\t<!-- MAIN IMAGE -->\n\t\t<img decoding=\"async\" src=\"https:\/\/sefarad.com.tr\/en\/wp-content\/plugins\/revslider\/admin\/assets\/images\/dummy.png\"  alt=\"\" title=\"Home\"  data-lazyload=\"https:\/\/sefarad.com.tr\/en\/wp-content\/uploads\/sites\/6\/revslider\/Dersler\/amaneser.jpeg\" data-bgposition=\"center center\" data-bgfit=\"normal\" data-bgrepeat=\"no-repeat\" data-bgparallax=\"off\" class=\"rev-slidebg\" data-no-retina>\n\t\t<!-- LAYERS -->\n\t<\/li>\n\t<!-- SLIDE  -->\n\t<li data-index=\"rs-10\" data-transition=\"fade\" data-slotamount=\"default\" data-hideafterloop=\"0\" data-hideslideonmobile=\"off\"  data-easein=\"default\" data-easeout=\"default\" data-masterspeed=\"300\"  data-link=\"https:\/\/sefarad.com.tr\/guncel-makaleler\/\"   data-thumb=\"https:\/\/sefarad.com.tr\/en\/wp-content\/uploads\/sites\/6\/revslider\/Dersler\/salom-makaleleri.jpeg\"  data-rotate=\"0\"  data-saveperformance=\"off\"  class=\"\u015ealom Makaleleri\" id=\"SM2\" data-title=\"Slide\" data-param1=\"\" data-param2=\"\" data-param3=\"\" data-param4=\"\" data-param5=\"\" data-param6=\"\" data-param7=\"\" data-param8=\"\" data-param9=\"\" data-param10=\"\" data-description=\"\">\n\t\t<!-- MAIN IMAGE -->\n\t\t<img decoding=\"async\" src=\"https:\/\/sefarad.com.tr\/en\/wp-content\/plugins\/revslider\/admin\/assets\/images\/dummy.png\"  alt=\"\" title=\"Home\"  data-lazyload=\"https:\/\/sefarad.com.tr\/en\/wp-content\/uploads\/sites\/6\/revslider\/Dersler\/salom-makaleleri.jpeg\" data-bgposition=\"center center\" data-bgfit=\"cover\" data-bgrepeat=\"no-repeat\" data-bgparallax=\"off\" class=\"rev-slidebg\" data-no-retina>\n\t\t<!-- LAYERS -->\n\t<\/li>\n<\/ul>\n<script>var htmlDiv = document.getElementById(\"rs-plugin-settings-inline-css\"); var htmlDivCss=\"\";\r\n\t\t\t\t\t\tif(htmlDiv) {\r\n\t\t\t\t\t\t\thtmlDiv.innerHTML = htmlDiv.innerHTML + htmlDivCss;\r\n\t\t\t\t\t\t}else{\r\n\t\t\t\t\t\t\tvar htmlDiv = document.createElement(\"div\");\r\n\t\t\t\t\t\t\thtmlDiv.innerHTML = \"<style>\" + htmlDivCss + \"<\/style>\";\r\n\t\t\t\t\t\t\tdocument.getElementsByTagName(\"head\")[0].appendChild(htmlDiv.childNodes[0]);\r\n\t\t\t\t\t\t}\r\n\t\t\t\t\t<\/script>\n<div class=\"tp-bannertimer tp-bottom\" style=\"height: 5px; background: rgba(0,0,0,0.15);\"><\/div>\t<\/div>\n<script>var htmlDiv = document.getElementById(\"rs-plugin-settings-inline-css\"); var htmlDivCss=\"\";\r\n\t\t\t\tif(htmlDiv) {\r\n\t\t\t\t\thtmlDiv.innerHTML = htmlDiv.innerHTML + htmlDivCss;\r\n\t\t\t\t}else{\r\n\t\t\t\t\tvar htmlDiv = document.createElement(\"div\");\r\n\t\t\t\t\thtmlDiv.innerHTML = \"<style>\" + htmlDivCss + \"<\/style>\";\r\n\t\t\t\t\tdocument.getElementsByTagName(\"head\")[0].appendChild(htmlDiv.childNodes[0]);\r\n\t\t\t\t}\r\n\t\t\t<\/script>\n\t\t<script type=\"text\/javascript\">\r\nif (setREVStartSize!==undefined) setREVStartSize(\r\n\t{c: '#rev_slider_2_1', responsiveLevels: [1240,1024,778,480], gridwidth: [1240,1024,778,480], gridheight: [600,600,500,400], sliderLayout: 'auto'});\r\n\t\t\t\r\nvar revapi2,\r\n\ttpj;\t\r\n(function() {\t\t\t\r\n\tif (!\/loaded|interactive|complete\/.test(document.readyState)) document.addEventListener(\"DOMContentLoaded\",onLoad); else onLoad();\t\r\n\tfunction onLoad() {\t\t\t\t\r\n\t\tif (tpj===undefined) { tpj = jQuery; if(\"off\" == \"on\") tpj.noConflict();}\r\n\tif(tpj(\"#rev_slider_2_1\").revolution == undefined){\n\t\trevslider_showDoubleJqueryError(\"#rev_slider_2_1\");\n\t}else{\n\t\trevapi2 = tpj(\"#rev_slider_2_1\").show().revolution({\n\t\t\tsliderType:\"standard\",\n\t\t\tjsFileLocation:\"\/\/sefarad.com.tr\/en\/wp-content\/plugins\/revslider\/public\/assets\/js\/\",\n\t\t\tsliderLayout:\"auto\",\n\t\t\tdottedOverlay:\"none\",\n\t\t\tdelay:9000,\n\t\t\tnavigation: {\n\t\t\t\tkeyboardNavigation:\"off\",\n\t\t\t\tkeyboard_direction: \"horizontal\",\n\t\t\t\tmouseScrollNavigation:\"off\",\n \t\t\t\t\t\t\tmouseScrollReverse:\"default\",\n\t\t\t\tonHoverStop:\"on\",\n\t\t\t\ttouch:{\n\t\t\t\t\ttouchenabled:\"on\",\n\t\t\t\t\ttouchOnDesktop:\"off\",\n\t\t\t\t\tswipe_threshold: 75,\n\t\t\t\t\tswipe_min_touches: 50,\n\t\t\t\t\tswipe_direction: \"horizontal\",\n\t\t\t\t\tdrag_block_vertical: false\n\t\t\t\t}\n\t\t\t\t,\n\t\t\t\tarrows: {\n\t\t\t\t\tstyle:\"hesperiden\",\n\t\t\t\t\tenable:true,\n\t\t\t\t\thide_onmobile:true,\n\t\t\t\t\thide_under:600,\n\t\t\t\t\thide_onleave:true,\n\t\t\t\t\thide_delay:200,\n\t\t\t\t\thide_delay_mobile:1200,\n\t\t\t\t\ttmp:'',\n\t\t\t\t\tleft: {\n\t\t\t\t\t\th_align:\"left\",\n\t\t\t\t\t\tv_align:\"center\",\n\t\t\t\t\t\th_offset:30,\n\t\t\t\t\t\tv_offset:0\n\t\t\t\t\t},\n\t\t\t\t\tright: {\n\t\t\t\t\t\th_align:\"right\",\n\t\t\t\t\t\tv_align:\"center\",\n\t\t\t\t\t\th_offset:30,\n\t\t\t\t\t\tv_offset:0\n\t\t\t\t\t}\n\t\t\t\t}\n\t\t\t\t,\n\t\t\t\tbullets: {\n\t\t\t\t\tenable:true,\n\t\t\t\t\thide_onmobile:true,\n\t\t\t\t\thide_under:600,\n\t\t\t\t\tstyle:\"hephaistos\",\n\t\t\t\t\thide_onleave:true,\n\t\t\t\t\thide_delay:200,\n\t\t\t\t\thide_delay_mobile:1200,\n\t\t\t\t\tdirection:\"horizontal\",\n\t\t\t\t\th_align:\"center\",\n\t\t\t\t\tv_align:\"bottom\",\n\t\t\t\t\th_offset:0,\n\t\t\t\t\tv_offset:30,\n\t\t\t\t\tspace:5,\n\t\t\t\t\ttmp:''\n\t\t\t\t}\n\t\t\t},\n\t\t\tresponsiveLevels:[1240,1024,778,480],\n\t\t\tvisibilityLevels:[1240,1024,778,480],\n\t\t\tgridwidth:[1240,1024,778,480],\n\t\t\tgridheight:[600,600,500,400],\n\t\t\tlazyType:\"smart\",\n\t\t\tparallax: {\n\t\t\t\ttype:\"mouse\",\n\t\t\t\torigo:\"slidercenter\",\n\t\t\t\tspeed:2000,\n\t\t\t\tspeedbg:0,\n\t\t\t\tspeedls:0,\n\t\t\t\tlevels:[2,3,4,5,6,7,12,16,10,50,47,48,49,50,51,55],\n\t\t\t},\n\t\t\tshadow:1,\n\t\t\tspinner:\"off\",\n\t\t\tstopLoop:\"off\",\n\t\t\tstopAfterLoops:-1,\n\t\t\tstopAtSlide:-1,\n\t\t\tshuffle:\"off\",\n\t\t\tautoHeight:\"off\",\n\t\t\thideThumbsOnMobile:\"off\",\n\t\t\thideSliderAtLimit:0,\n\t\t\thideCaptionAtLimit:0,\n\t\t\thideAllCaptionAtLilmit:0,\n\t\t\tdebugMode:false,\n\t\t\tfallbacks: {\n\t\t\t\tsimplifyAll:\"off\",\n\t\t\t\tnextSlideOnWindowFocus:\"off\",\n\t\t\t\tdisableFocusListener:false,\n\t\t\t}\n\t\t});\n\t}; \/* END OF revapi call *\/\n\t\n }; \/* END OF ON LOAD FUNCTION *\/\r\n}()); \/* END OF WRAPPING FUNCTION *\/\r\n<\/script>\r\n\t\t<script>\r\n\t\t\t\t\tvar htmlDivCss = unescape(\".hesperiden.tparrows%20%7B%0A%09cursor%3Apointer%3B%0A%09background%3Argba%280%2C0%2C0%2C0.5%29%3B%0A%09width%3A40px%3B%0A%09height%3A40px%3B%0A%09position%3Aabsolute%3B%0A%09display%3Ablock%3B%0A%09z-index%3A100%3B%0A%20%20%20%20border-radius%3A%2050%25%3B%0A%7D%0A.hesperiden.tparrows%3Ahover%20%7B%0A%09background%3Argba%280%2C%200%2C%200%2C%201%29%3B%0A%7D%0A.hesperiden.tparrows%3Abefore%20%7B%0A%09font-family%3A%20%22revicons%22%3B%0A%09font-size%3A20px%3B%0A%09color%3Argb%28255%2C%20255%2C%20255%29%3B%0A%09display%3Ablock%3B%0A%09line-height%3A%2040px%3B%0A%09text-align%3A%20center%3B%0A%7D%0A.hesperiden.tparrows.tp-leftarrow%3Abefore%20%7B%0A%09content%3A%20%22%5Ce82c%22%3B%0A%20%20%20%20margin-left%3A-3px%3B%0A%7D%0A.hesperiden.tparrows.tp-rightarrow%3Abefore%20%7B%0A%09content%3A%20%22%5Ce82d%22%3B%0A%20%20%20%20margin-right%3A-3px%3B%0A%7D%0A.hephaistos%20.tp-bullet%20%7B%0A%09width%3A12px%3B%0A%09height%3A12px%3B%0A%09position%3Aabsolute%3B%0A%09background%3Argba%28153%2C%20153%2C%20153%2C%201%29%3B%0A%09border%3A3px%20solid%20rgba%28255%2C255%2C255%2C0.9%29%3B%0A%09border-radius%3A50%25%3B%0A%09cursor%3A%20pointer%3B%0A%09box-sizing%3Acontent-box%3B%0A%20%20%20%20box-shadow%3A%200px%200px%202px%201px%20rgba%28130%2C130%2C130%2C%200.3%29%3B%0A%7D%0A.hephaistos%20.tp-bullet%3Ahover%2C%0A.hephaistos%20.tp-bullet.selected%20%7B%0A%09background%3Argba%28255%2C%20255%2C%20255%2C%201%29%3B%0A%20%20%20%20border-color%3Argba%280%2C%200%2C%200%2C%201%29%3B%0A%7D%0A\");\r\n\t\t\t\t\tvar htmlDiv = document.getElementById('rs-plugin-settings-inline-css');\r\n\t\t\t\t\tif(htmlDiv) {\r\n\t\t\t\t\t\thtmlDiv.innerHTML = htmlDiv.innerHTML + htmlDivCss;\r\n\t\t\t\t\t}\r\n\t\t\t\t\telse{\r\n\t\t\t\t\t\tvar htmlDiv = document.createElement('div');\r\n\t\t\t\t\t\thtmlDiv.innerHTML = '<style>' + htmlDivCss + '<\/style>';\r\n\t\t\t\t\t\tdocument.getElementsByTagName('head')[0].appendChild(htmlDiv.childNodes[0]);\r\n\t\t\t\t\t}\r\n\t\t\t\t  <\/script>\r\n\t\t\t\t<\/div><!-- END REVOLUTION SLIDER -->\r\n\t<section class=\"history\">\r\n\r\n\t\t<div class=\"row\"> \r\n\r\n\t\t\t<!-- IMAGE -->\r\n\t\t\t<div class=\"col-md-4 no-padding\">\r\n\t\t\t\t<div class=\"museum-img\" style=\"background-image: url(https:\/\/sefarad.com.tr\/en\/wp-content\/uploads\/sites\/6\/2020\/09\/SKAD-resim-scaled-1.jpg);\"> <\/div>\r\n\t\t\t<\/div>\r\n\r\n\t\t\t<!-- History Content -->\r\n\t\t\t<div class=\"col-md-8 no-padding\">\r\n\r\n\t\t\t\t<div class=\"history-detail\">\r\n\r\n\t\t\t\t\t<ul class=\"row\">\r\n\t\t\t\t\t\t<li class=\"col-md-3\">\r\n\t\t\t\t\t\t\t<h4>About Us<\/h4><hr>\t\t\t\t\t\t<\/li>\r\n\t\t\t\t\t\t<li class=\"col-md-9\">\r\n\t\t\t\t\t\t\t<p style=\"font-family: Georgia,&amp;quot; times new roman&amp;quot;,&amp;quot;bitstream charter&amp;quot;,times,serif; font-size: 16px; font-style: normal; font-variant: normal; font-weight: 400; letter-spacing: normal; orphans: 2; text-align: left; text-decoration: none; text-indent: 0px; text-transform: none; -webkit-text-stroke-width: 0px; white-space: normal; word-spacing: 0px;\">Founded in 2003, the Ottoman-Turkish Sephardic Cultural Research Center is Istanbul\u2019s hub for everything relating to Turkey\u2019s Jewish communities.<br \/>\nThe Center collects, archives, and documents Sephardic cultural productions to promote the survival, celebration, and academic study of religious and secular traditions, food, music, and the Judeo-Spanish language.\u00a0 Please visit our website at http:\/\/www.sefarad.com.tr, become our fan on Facebook, and follow our publications on Scribd.<br \/>\nBoard of Directors<\/p>\n<p style=\"font-family: Georgia,&amp;quot; times new roman&amp;quot;,&amp;quot;bitstream charter&amp;quot;,times,serif; font-size: 16px; font-style: normal; font-variant: normal; font-weight: 400; letter-spacing: normal; orphans: 2; text-align: left; text-decoration: none; text-indent: 0px; text-transform: none; -webkit-text-stroke-width: 0px; white-space: normal; word-spacing: 0px;\">Karen Gerson Sarhon, Coordinator<br \/>\nSilvyo Ovadya, President<br \/>\nSelim Hube\u015f<br \/>\n\u0130zzet Bana<br \/>\nTilda Levi<\/p>\n<p style=\"font-family: Georgia,&amp;quot; times new roman&amp;quot;,&amp;quot;bitstream charter&amp;quot;,times,serif; font-size: 16px; font-style: normal; font-variant: normal; font-weight: 400; letter-spacing: normal; orphans: 2; text-align: left; text-decoration: none; text-indent: 0px; text-transform: none; -webkit-text-stroke-width: 0px; white-space: normal; word-spacing: 0px;\">Contact Information<br \/>\nkarensarhon@gmail.com<br \/>\nsephardiccenter@gmail.com<\/p>\n\t\t\t\t\t\t<\/li>\r\n\t\t\t\t\t<\/ul>\r\n\r\n\t\t\t\t\t<!-- On View -->\r\n\t\t\t\t\t<ul class=\"row on-view\">\r\n\t\t\t\t\t\t<li class=\"col-md-3\">\r\n\t\t\t\t\t\t\t<h4>Categories<\/h4><hr>\t\t\t\t\t\t<\/li>\r\n\t\t\t\t\t\t<li class=\"col-md-9\">\r\n\t\t\t\t\t\t\t\t\t\t\t\t\t\t\t<ul class=\"row\">\r\n\t\t\t\t\t\t\t\t\t\t\t\t\t\t\t\t\t\t\t<li class=\"col-md-4 col-sm-6\"><p>Judeo-Espanyol Lessons<\/p><\/li>\r\n\t\t\t\t\t\t\t\t\t\t\t\t\t\t\t\t\t\t\t\t<li class=\"col-md-4 col-sm-6\"><p>El Amaneser<\/p><\/li>\r\n\t\t\t\t\t\t\t\t\t\t\t\t\t\t\t\t\t\t<\/ul>\r\n\t\t\t\t\t\t\t\t\t\t\t\t\t\t<\/li>\r\n\t\t\t\t\t<\/ul>\r\n\t\t\t\t<\/div>\r\n\t\t\t<\/div>\r\n\t\t<\/div>\r\n\t<\/section>\r\n\t\r\n\t<section class=\"sec-100px gallery\">\r\n\r\n\t\t<div class=\"container\"> \r\n\t\t\t\t\t\t\t<!-- Tittle -->\r\n\t\t\t\t<div class=\"tittle\">\r\n\t\t\t\t\t<h2>Galeri<\/h2><hr><p>Sanat eserlerini galerimizden inceleyebilirsiniz.<\/p>\n\t\t\t\t<\/div>\r\n\t\t\t\t\t\t<\/div>\r\n\t<\/section>\r\n\t\t\t<div class=\"sec-100px event shortcode-twocolumn\">\r\n\r\n\t\t\t<div class=\"container\"> \r\n\r\n\t\t\t\t\t\t\t\t\t<!-- Tittle -->\r\n\t\t\t\t\t<div class=\"tittle\">\r\n\t\t\t\t\t\t<h2>Etkinlikler<\/h2><hr><p>Etkinliklerimize a\u015fa\u011f\u0131daki a\u00e7\u0131klamalardan ula\u015fabilirsiniz.<\/p>\n\t\t\t\t\t<\/div>\r\n\t\t\t\t\t\r\n\t\t\t\t<!-- Event -->\r\n\t\t\t\t<div class=\"row\">\r\n\r\n\t\t\t\t\t\r\n\t\t\t\t<\/div>\r\n\r\n\t\t\t<\/div>\r\n\r\n\t\t<\/div>\r\n\t\t[\/vc_column][\/vc_row][vc_row][vc_column]\t<div class=\"ow-section shortcode-contact\">\r\n\t\t<div class=\"map\">\r\n\t\t\t<div class=\"map-canvas\" id=\"map-canvas-contact\" data-lat=\"41.0485232\" data-lng=\"28.9912806\" data-string=\"Atiye Sok. Polar apt. No: 12\/6 34365  Te\u015fvikiye \u0130stanbul Turkey<br \/>Email: sephardiccenter@gmail.com\" data-marker=\"https:\/\/sefarad.com.tr\/en\/wp-content\/plugins\/museumwp-toolkit\/lib\/images\/marker.png\"  data-zoom=\"12\"><\/div>\r\n\t\t<\/div><!-- Contact Map \/- -->\r\n\t<\/div>\r\n\t[\/vc_column][\/vc_row]<\/p>\n","protected":false},"excerpt":{"rendered":"<p>[vc_row][vc_column][\/vc_column][\/vc_row][vc_row][vc_column][\/vc_column][\/vc_row]<\/p>\n","protected":false},"author":1,"featured_media":0,"parent":0,"menu_order":0,"comment_status":"closed","ping_status":"closed","template":"","meta":{"footnotes":""},"class_list":["post-36","page","type-page","status-publish","hentry"],"_links":{"self":[{"href":"https:\/\/sefarad.com.tr\/en\/wp-json\/wp\/v2\/pages\/36","targetHints":{"allow":["GET"]}}],"collection":[{"href":"https:\/\/sefarad.com.tr\/en\/wp-json\/wp\/v2\/pages"}],"about":[{"href":"https:\/\/sefarad.com.tr\/en\/wp-json\/wp\/v2\/types\/page"}],"author":[{"embeddable":true,"href":"https:\/\/sefarad.com.tr\/en\/wp-json\/wp\/v2\/users\/1"}],"replies":[{"embeddable":true,"href":"https:\/\/sefarad.com.tr\/en\/wp-json\/wp\/v2\/comments?post=36"}],"version-history":[{"count":1,"href":"https:\/\/sefarad.com.tr\/en\/wp-json\/wp\/v2\/pages\/36\/revisions"}],"predecessor-version":[{"id":37,"href":"https:\/\/sefarad.com.tr\/en\/wp-json\/wp\/v2\/pages\/36\/revisions\/37"}],"wp:attachment":[{"href":"https:\/\/sefarad.com.tr\/en\/wp-json\/wp\/v2\/media?parent=36"}],"curies":[{"name":"wp","href":"https:\/\/api.w.org\/{rel}","templated":true}]}}