{"id":15,"date":"2020-05-22T12:50:31","date_gmt":"2020-05-22T09:50:31","guid":{"rendered":"https:\/\/sefarad.com.tr\/es\/?page_id=15"},"modified":"2020-05-22T12:50:32","modified_gmt":"2020-05-22T09:50:32","slug":"ken-semos","status":"publish","type":"page","link":"https:\/\/sefarad.com.tr\/es\/ken-semos\/","title":{"rendered":"Ken Semos"},"content":{"rendered":"\n<p>[vc_row css_animation=\u00bbfadeInDown\u00bb][vc_column css_animation=\u00bbfadeInDown\u00bb]\t<!--======= ABOUT US =========-->\r\n\t<section class=\"sec-100px about\">\r\n\r\n\t\t<div class=\"container\">\r\n\r\n\t\t\t<div class=\"row\"> \r\n\r\n\t\t\t\t<!-- INTRO -->\r\n\t\t\t\t<div class=\"col-md-7\">\r\n\t\t\t\t\t<h4>Sentro Sefaradi de Estambol<\/h4><hr>\t\t\t\t\t<p>Fundado en 2003, el Centro de Investigaci\u00f3n Cultural Sefard\u00ed Otomano-Turco es el centro de Estambul para todo lo relacionado con las comunidades jud\u00edas de Turqu\u00eda.\r\nEl Centro recopila, archiva y documenta producciones culturales sefard\u00edes para promover la supervivencia, la celebraci\u00f3n y el estudio acad\u00e9mico de las tradiciones religiosas y seculares, la comida, la m\u00fasica y el idioma judeoespa\u00f1ol. Visite nuestro sitio web principal en http:\/\/www.istanbulsephardiccenter.com\/, h\u00e1gase fan nuestro en Facebook y siga nuestras publicaciones en Scribd.<\/p>\t\t\t\t\t\t\t\t\t<\/div>\r\n\r\n\t\t\t\t<!-- TIMING -->\r\n\t\t\t\t<div class=\"col-md-5\">\r\n\t\t\t\t\t<div class=\"hrs\">\r\n\t\t\t\t\t\t\t\t\t\t\t\t\t\t<ul>\r\n\t\t\t\t\t\t\t\t\t<li class=\"col-md-5 no-padding\">\r\n\t\t\t\t\t\t\t\t\t\t<h5><\/h5>\r\n\t\t\t\t\t\t\t\t\t\t<p><\/p>\r\n\t\t\t\t\t\t\t\t\t<\/li>\r\n\t\t\t\t\t\t\t\t\t<li class=\"col-md-7 no-padding\">\r\n\t\t\t\t\t\t\t\t\t\t<span class=\"appoiment\"><\/span>\r\n\t\t\t\t\t\t\t\t\t<\/li>\r\n\t\t\t\t\t\t\t\t<\/ul>\r\n\t\t\t\t\t\t\t\t\t\t\t\t\t<\/div>\r\n\t\t\t\t<\/div>\r\n\t\t\t<\/div>\r\n\t\t<\/div>\r\n\t<\/section>\r\n\t[\/vc_column][\/vc_row]<\/p>\n","protected":false},"excerpt":{"rendered":"<p>[vc_row css_animation=\u00bbfadeInDown\u00bb][vc_column css_animation=\u00bbfadeInDown\u00bb][\/vc_column][\/vc_row]<\/p>\n","protected":false},"author":1,"featured_media":0,"parent":0,"menu_order":0,"comment_status":"closed","ping_status":"closed","template":"","meta":{"footnotes":""},"class_list":["post-15","page","type-page","status-publish","hentry"],"_links":{"self":[{"href":"https:\/\/sefarad.com.tr\/es\/wp-json\/wp\/v2\/pages\/15","targetHints":{"allow":["GET"]}}],"collection":[{"href":"https:\/\/sefarad.com.tr\/es\/wp-json\/wp\/v2\/pages"}],"about":[{"href":"https:\/\/sefarad.com.tr\/es\/wp-json\/wp\/v2\/types\/page"}],"author":[{"embeddable":true,"href":"https:\/\/sefarad.com.tr\/es\/wp-json\/wp\/v2\/users\/1"}],"replies":[{"embeddable":true,"href":"https:\/\/sefarad.com.tr\/es\/wp-json\/wp\/v2\/comments?post=15"}],"version-history":[{"count":1,"href":"https:\/\/sefarad.com.tr\/es\/wp-json\/wp\/v2\/pages\/15\/revisions"}],"predecessor-version":[{"id":16,"href":"https:\/\/sefarad.com.tr\/es\/wp-json\/wp\/v2\/pages\/15\/revisions\/16"}],"wp:attachment":[{"href":"https:\/\/sefarad.com.tr\/es\/wp-json\/wp\/v2\/media?parent=15"}],"curies":[{"name":"wp","href":"https:\/\/api.w.org\/{rel}","templated":true}]}}