{"id":15,"date":"2020-05-22T12:50:31","date_gmt":"2020-05-22T09:50:31","guid":{"rendered":"https:\/\/sefarad.com.tr\/sp\/?page_id=15"},"modified":"2021-10-25T12:17:00","modified_gmt":"2021-10-25T09:17:00","slug":"ken-semos","status":"publish","type":"page","link":"https:\/\/sefarad.com.tr\/sp\/ken-semos\/","title":{"rendered":"Qui\u00e9nes somos"},"content":{"rendered":"\n<p>[vc_row css_animation=\u00bbfadeInDown\u00bb][vc_column css_animation=\u00bbfadeInDown\u00bb]\t<!--======= ABOUT US =========-->\r\n\t<section class=\"sec-100px about\">\r\n\r\n\t\t<div class=\"container\">\r\n\r\n\t\t\t<div class=\"row\"> \r\n\r\n\t\t\t\t<!-- INTRO -->\r\n\t\t\t\t<div class=\"col-md-7\">\r\n\t\t\t\t\t<h4>Centro de Investigaci\u00f3n Cultural Sefard\u00ed de la Cultura Sefard\u00ed<\/h4><hr>\t\t\t\t\t<p>Fundado en 2003, el Centro de Investigaci\u00f3n Cultural Sefard\u00ed es una asociaci\u00f3n. Nuestro centro se ocupa de todos los elementos de la cultura turco-sefard\u00ed e realiza investigaciones en \u00e1reas como el idioma, la historia, la m\u00fasica, la cocina, etc., llevando a cabo diversos proyectos importantes de investigaci\u00f3n en est\u00e1ndares internacionales (Centropa Historia Oral, Ladino Database, Colecci\u00f3n Maftirim, CD Zemirot, etc.). Colabora con todas las instituciones y entidades acad\u00e9micas que trabajan con la cultura sefard\u00ed. Gracias a sus trabajos, nuestro centro tiene un lugar respetable entre aquellas instituciones.<\/p>\t\t\t\t\t\t\t\t\t<\/div>\r\n\r\n\t\t\t\t<!-- TIMING -->\r\n\t\t\t\t<div class=\"col-md-5\">\r\n\t\t\t\t\t<div class=\"hrs\">\r\n\t\t\t\t\t\t\t\t\t\t\t\t\t\t<ul>\r\n\t\t\t\t\t\t\t\t\t<li class=\"col-md-5 no-padding\">\r\n\t\t\t\t\t\t\t\t\t\t<h5><\/h5>\r\n\t\t\t\t\t\t\t\t\t\t<p><\/p>\r\n\t\t\t\t\t\t\t\t\t<\/li>\r\n\t\t\t\t\t\t\t\t\t<li class=\"col-md-7 no-padding\">\r\n\t\t\t\t\t\t\t\t\t\t<span class=\"appoiment\"><\/span>\r\n\t\t\t\t\t\t\t\t\t<\/li>\r\n\t\t\t\t\t\t\t\t<\/ul>\r\n\t\t\t\t\t\t\t\t\t\t\t\t\t<\/div>\r\n\t\t\t\t<\/div>\r\n\t\t\t<\/div>\r\n\t\t<\/div>\r\n\t<\/section>\r\n\t[\/vc_column][\/vc_row]<\/p>\n","protected":false},"excerpt":{"rendered":"<p>[vc_row css_animation=\u00bbfadeInDown\u00bb][vc_column css_animation=\u00bbfadeInDown\u00bb][\/vc_column][\/vc_row]<\/p>\n","protected":false},"author":1,"featured_media":0,"parent":0,"menu_order":0,"comment_status":"closed","ping_status":"closed","template":"","meta":{"footnotes":""},"class_list":["post-15","page","type-page","status-publish","hentry"],"_links":{"self":[{"href":"https:\/\/sefarad.com.tr\/sp\/wp-json\/wp\/v2\/pages\/15","targetHints":{"allow":["GET"]}}],"collection":[{"href":"https:\/\/sefarad.com.tr\/sp\/wp-json\/wp\/v2\/pages"}],"about":[{"href":"https:\/\/sefarad.com.tr\/sp\/wp-json\/wp\/v2\/types\/page"}],"author":[{"embeddable":true,"href":"https:\/\/sefarad.com.tr\/sp\/wp-json\/wp\/v2\/users\/1"}],"replies":[{"embeddable":true,"href":"https:\/\/sefarad.com.tr\/sp\/wp-json\/wp\/v2\/comments?post=15"}],"version-history":[{"count":2,"href":"https:\/\/sefarad.com.tr\/sp\/wp-json\/wp\/v2\/pages\/15\/revisions"}],"predecessor-version":[{"id":116,"href":"https:\/\/sefarad.com.tr\/sp\/wp-json\/wp\/v2\/pages\/15\/revisions\/116"}],"wp:attachment":[{"href":"https:\/\/sefarad.com.tr\/sp\/wp-json\/wp\/v2\/media?parent=15"}],"curies":[{"name":"wp","href":"https:\/\/api.w.org\/{rel}","templated":true}]}}